{"id":443,"date":"2022-06-14T08:11:48","date_gmt":"2022-06-14T07:11:48","guid":{"rendered":"https:\/\/publica-me.com\/?page_id=443"},"modified":"2022-06-20T14:36:46","modified_gmt":"2022-06-20T13:36:46","slug":"estatistica","status":"publish","type":"page","link":"https:\/\/publica-me.com\/en\/estatistica","title":{"rendered":"Statistics"},"content":{"rendered":"\n<p>A an\u00e1lise estat\u00edstica, pela sua diversidade, n\u00e3o permite a padroniza\u00e7\u00e3o da oferta. Por esse motivo, os servi\u00e7os de estat\u00edstica que prestamos s\u00e3o submetidos a an\u00e1lise e or\u00e7amenta\u00e7\u00e3o antes de serem processados. <\/p>\n\n\n\n<p>Prestamos consultoria em estat\u00edstica e metodologias de investiga\u00e7\u00e3o para trabalhos cient\u00edficos, sobretudo na \u00e1rea da sa\u00fade.<\/p>\n\n\n\n<p>Possu\u00edmos experi\u00eancia diversificada no tratamento, an\u00e1lise e interpreta\u00e7\u00e3o estat\u00edstica com o SPSS\u00ae e STATA\u00ae.<\/p>\n\n\n\n<p>Estamos dispon\u00edveis para prestar apoio:&nbsp;<\/p>\n\n\n\n<ul class=\"wp-block-list\"><li>Na pergunta de investiga\u00e7\u00e3o e no desenho do protocolo de estudo.<\/li><li>Na decis\u00e3o sobre os testes estat\u00edsticos mais adequados para caracterizar a amostra em estudo e sobre os testes adequados \u00e0 hip\u00f3tese de investiga\u00e7\u00e3o.<\/li><li>Na interpreta\u00e7\u00e3o dos diversos testes estat\u00edsticos efetuados e seus resultados.<\/li><li>Na constru\u00e7\u00e3o de gr\u00e1ficos e tabelas mais adequados para a exibi\u00e7\u00e3o dos dados.<\/li><\/ul>\n\n\n\n<p>Para fazer um pedido dever\u00e1 utilizar o formul\u00e1rio abaixo. Tentaremos responder o mais r\u00e1pido poss\u00edvel. <\/p>\n\n\n\n<p>Os pedidos devem ser o mais objetivos e claros poss\u00edvel.<span style=\"background-color: var(--nv-site-bg); color: var(--nv-text-color); font-family: var(--bodyfontfamily); font-size: var(--bodyfontsize); letter-spacing: var(--bodyletterspacing); text-transform: var(--bodytexttransform);\"> <\/span><\/p>\n\n\n<div class=\"wpforms-container wpforms-container-full wpforms-block\" id=\"wpforms-456\"><form id=\"wpforms-form-456\" class=\"wpforms-validate wpforms-form wpforms-ajax-form\" data-formid=\"456\" method=\"post\" enctype=\"multipart\/form-data\" action=\"\/en\/wp-json\/wp\/v2\/pages\/443\" data-token=\"52f3cfeae5e16f6b5a2afde4b0dddf89\" data-token-time=\"1776174013\"><noscript class=\"wpforms-error-noscript\">Please enable JavaScript in your browser to complete this form.<\/noscript><div class=\"wpforms-field-container\">\t\t<div id=\"wpforms-456-field_2-container\"\n\t\t\tclass=\"wpforms-field wpforms-field-text\"\n\t\t\tdata-field-type=\"text\"\n\t\t\tdata-field-id=\"2\"\n\t\t\t>\n\t\t\t<label class=\"wpforms-field-label\" for=\"wpforms-456-field_2\" >Como? Prefer\u00eancia Email<\/label>\n\t\t\t<input type=\"text\" id=\"wpforms-456-field_2\" class=\"wpforms-field-medium\" name=\"wpforms[fields][2]\" >\n\t\t<\/div>\n\t\t<div id=\"wpforms-456-field_5-container\" class=\"wpforms-field wpforms-field-name\" data-field-id=\"5\"><label class=\"wpforms-field-label\" for=\"wpforms-456-field_5\">Nome <span class=\"wpforms-required-label\">*<\/span><\/label><div class=\"wpforms-field-row wpforms-field-large\"><div class=\"wpforms-field-row-block wpforms-first wpforms-one-half\"><input type=\"text\" id=\"wpforms-456-field_5\" class=\"wpforms-field-name-first wpforms-field-required\" name=\"wpforms[fields][5][first]\" placeholder=\"Primeiro\" required><label for=\"wpforms-456-field_5\" class=\"wpforms-field-sublabel after wpforms-sublabel-hide\">First<\/label><\/div><div class=\"wpforms-field-row-block wpforms-one-half\"><input type=\"text\" id=\"wpforms-456-field_5-last\" class=\"wpforms-field-name-last wpforms-field-required\" name=\"wpforms[fields][5][last]\" placeholder=\"\u00daltimo\" required><label for=\"wpforms-456-field_5-last\" class=\"wpforms-field-sublabel after wpforms-sublabel-hide\">Last<\/label><\/div><\/div><\/div><div id=\"wpforms-456-field_6-container\" class=\"wpforms-field wpforms-field-email\" data-field-id=\"6\"><label class=\"wpforms-field-label\" for=\"wpforms-456-field_6\">Email <span class=\"wpforms-required-label\">*<\/span><\/label><input type=\"email\" id=\"wpforms-456-field_6\" class=\"wpforms-field-large wpforms-field-required\" name=\"wpforms[fields][6]\" spellcheck=\"false\" required><\/div><div id=\"wpforms-456-field_1-container\" class=\"wpforms-field wpforms-field-text\" data-field-id=\"1\"><label class=\"wpforms-field-label\" for=\"wpforms-456-field_1\">Pergunta de investiga\u00e7\u00e3o <span class=\"wpforms-required-label\">*<\/span><\/label><input type=\"text\" id=\"wpforms-456-field_1\" class=\"wpforms-field-large wpforms-field-required\" name=\"wpforms[fields][1]\" required><div class=\"wpforms-field-description\">Espec\u00edficar, de forma clara, a principal pergunta de investiga\u00e7\u00e3o \u00e0 qual se quer responder. <\/div><\/div><div id=\"wpforms-456-field_3-container\" class=\"wpforms-field wpforms-field-text wpforms-one-half wpforms-first\" data-field-id=\"3\"><label class=\"wpforms-field-label\" for=\"wpforms-456-field_3\">Hip\u00f3tese nula<\/label><input type=\"text\" id=\"wpforms-456-field_3\" class=\"wpforms-field-large\" name=\"wpforms[fields][3]\" ><\/div><div id=\"wpforms-456-field_4-container\" class=\"wpforms-field wpforms-field-text wpforms-one-half\" data-field-id=\"4\"><label class=\"wpforms-field-label\" for=\"wpforms-456-field_4\">Hip\u00f3tese alternativa<\/label><input type=\"text\" id=\"wpforms-456-field_4\" class=\"wpforms-field-large\" name=\"wpforms[fields][4]\" ><\/div><div id=\"wpforms-456-field_11-container\" class=\"wpforms-field wpforms-field-radio wpforms-one-fourth wpforms-first\" data-field-id=\"11\"><label class=\"wpforms-field-label\">Prefer\u00eancia de pacote estat\u00edstico?<\/label><ul id=\"wpforms-456-field_11\"><li class=\"choice-1 depth-1\"><input type=\"radio\" id=\"wpforms-456-field_11_1\" name=\"wpforms[fields][11]\" value=\"SPSS\u00ae\ufe0f\"  ><label class=\"wpforms-field-label-inline\" for=\"wpforms-456-field_11_1\">SPSS\u00ae\ufe0f<\/label><\/li><li class=\"choice-2 depth-1\"><input type=\"radio\" id=\"wpforms-456-field_11_2\" name=\"wpforms[fields][11]\" value=\"STATA\u00ae\ufe0f\"  ><label class=\"wpforms-field-label-inline\" for=\"wpforms-456-field_11_2\">STATA\u00ae\ufe0f<\/label><\/li><\/ul><\/div><div id=\"wpforms-456-field_7-container\" class=\"wpforms-field wpforms-field-number wpforms-one-fourth\" data-field-id=\"7\"><label class=\"wpforms-field-label\" for=\"wpforms-456-field_7\">Tamanho da amostra <span class=\"wpforms-required-label\">*<\/span><\/label><input type=\"number\" id=\"wpforms-456-field_7\" class=\"wpforms-field-large wpforms-field-required\" name=\"wpforms[fields][7]\" step=\"any\" required><\/div><div id=\"wpforms-456-field_9-container\" class=\"wpforms-field wpforms-field-radio wpforms-one-fourth\" data-field-id=\"9\"><label class=\"wpforms-field-label\">C\u00e1lculo do tamanho amostral<\/label><ul id=\"wpforms-456-field_9\"><li class=\"choice-1 depth-1\"><input type=\"radio\" id=\"wpforms-456-field_9_1\" name=\"wpforms[fields][9]\" value=\"Sim\"  ><label class=\"wpforms-field-label-inline\" for=\"wpforms-456-field_9_1\">Sim<\/label><\/li><li class=\"choice-2 depth-1\"><input type=\"radio\" id=\"wpforms-456-field_9_2\" name=\"wpforms[fields][9]\" value=\"N\u00e3o\"  ><label class=\"wpforms-field-label-inline\" for=\"wpforms-456-field_9_2\">N\u00e3o<\/label><\/li><\/ul><\/div><div id=\"wpforms-456-field_8-container\" class=\"wpforms-field wpforms-field-text wpforms-one-fourth\" data-field-id=\"8\"><label class=\"wpforms-field-label\" for=\"wpforms-456-field_8\">Como?<\/label><input type=\"text\" id=\"wpforms-456-field_8\" class=\"wpforms-field-large\" name=\"wpforms[fields][8]\" ><div class=\"wpforms-field-description\">Especificar m\u00e9todo utilizado para o c\u00e1lculo do tamanho amostras<\/div><\/div><div id=\"wpforms-456-field_12-container\" class=\"wpforms-field wpforms-field-textarea\" data-field-id=\"12\"><label class=\"wpforms-field-label\" for=\"wpforms-456-field_12\">Outras informa\u00e7\u00f5es<\/label><textarea id=\"wpforms-456-field_12\" class=\"wpforms-field-large\" name=\"wpforms[fields][12]\" ><\/textarea><\/div><script>\n\t\t\t\t( function() {\n\t\t\t\t\tconst style = document.createElement( 'style' );\n\t\t\t\t\tstyle.appendChild( document.createTextNode( '#wpforms-456-field_2-container { position: absolute !important; overflow: hidden !important; display: inline !important; height: 1px !important; width: 1px !important; z-index: -1000 !important; padding: 0 !important; } #wpforms-456-field_2-container input { visibility: hidden; } #wpforms-conversational-form-page #wpforms-456-field_2-container label { counter-increment: none; }' ) );\n\t\t\t\t\tdocument.head.appendChild( style );\n\t\t\t\t\tdocument.currentScript?.remove();\n\t\t\t\t} )();\n\t\t\t<\/script><\/div><!-- .wpforms-field-container --><div class=\"wpforms-submit-container\" ><input type=\"hidden\" name=\"wpforms[id]\" value=\"456\"><input type=\"hidden\" name=\"page_title\" value=\"\"><input type=\"hidden\" name=\"page_url\" value=\"https:\/\/publica-me.com\/en\/wp-json\/wp\/v2\/pages\/443\"><input type=\"hidden\" name=\"url_referer\" value=\"\"><button type=\"submit\" name=\"wpforms[submit]\" id=\"wpforms-submit-456\" class=\"wpforms-submit\" data-alt-text=\"A enviar...\" data-submit-text=\"Enviar\" aria-live=\"assertive\" value=\"wpforms-submit\">Enviar<\/button><img loading=\"lazy\" decoding=\"async\" src=\"https:\/\/publica-me.com\/wp-content\/plugins\/wpforms-lite\/assets\/images\/submit-spin.svg\" class=\"wpforms-submit-spinner\" style=\"display: none;\" width=\"26\" height=\"26\" alt=\"Loading\"><\/div><\/form><\/div>  <!-- .wpforms-container -->","protected":false},"excerpt":{"rendered":"<p>A an\u00e1lise estat\u00edstica, pela sua diversidade, n\u00e3o permite a padroniza\u00e7\u00e3o da oferta. Por esse motivo, os servi\u00e7os de estat\u00edstica que prestamos s\u00e3o submetidos a an\u00e1lise e or\u00e7amenta\u00e7\u00e3o antes de serem processados. Prestamos consultoria em estat\u00edstica e metodologias de investiga\u00e7\u00e3o para trabalhos cient\u00edficos, sobretudo na \u00e1rea da sa\u00fade. Possu\u00edmos experi\u00eancia diversificada no tratamento, an\u00e1lise e interpreta\u00e7\u00e3o&hellip;&nbsp;<a href=\"https:\/\/publica-me.com\/en\/estatistica\" rel=\"bookmark\">Read More &raquo;<span class=\"screen-reader-text\">Statistics<\/span><\/a><\/p>","protected":false},"author":1,"featured_media":0,"parent":0,"menu_order":0,"comment_status":"closed","ping_status":"closed","template":"","meta":{"neve_meta_sidebar":"default","neve_meta_container":"default","neve_meta_enable_content_width":"on","neve_meta_content_width":90,"neve_meta_title_alignment":"","neve_meta_author_avatar":"","neve_post_elements_order":"","neve_meta_disable_header":"","neve_meta_disable_footer":"","neve_meta_disable_title":"off","footnotes":""},"class_list":["post-443","page","type-page","status-publish","hentry"],"_links":{"self":[{"href":"https:\/\/publica-me.com\/en\/wp-json\/wp\/v2\/pages\/443","targetHints":{"allow":["GET"]}}],"collection":[{"href":"https:\/\/publica-me.com\/en\/wp-json\/wp\/v2\/pages"}],"about":[{"href":"https:\/\/publica-me.com\/en\/wp-json\/wp\/v2\/types\/page"}],"author":[{"embeddable":true,"href":"https:\/\/publica-me.com\/en\/wp-json\/wp\/v2\/users\/1"}],"replies":[{"embeddable":true,"href":"https:\/\/publica-me.com\/en\/wp-json\/wp\/v2\/comments?post=443"}],"version-history":[{"count":11,"href":"https:\/\/publica-me.com\/en\/wp-json\/wp\/v2\/pages\/443\/revisions"}],"predecessor-version":[{"id":538,"href":"https:\/\/publica-me.com\/en\/wp-json\/wp\/v2\/pages\/443\/revisions\/538"}],"wp:attachment":[{"href":"https:\/\/publica-me.com\/en\/wp-json\/wp\/v2\/media?parent=443"}],"curies":[{"name":"wp","href":"https:\/\/api.w.org\/{rel}","templated":true}]}}