{"id":3,"date":"2022-05-03T19:48:02","date_gmt":"2022-05-03T19:48:02","guid":{"rendered":"https:\/\/publica-me.com\/?page_id=3"},"modified":"2022-06-20T08:00:55","modified_gmt":"2022-06-20T07:00:55","slug":"privacy-policy","status":"publish","type":"page","link":"https:\/\/publica-me.com\/en\/privacy-policy","title":{"rendered":"Privacy policy"},"content":{"rendered":"<h3 class=\"wp-block-heading\">Privacy policy<\/h3>\n\n\n\n<p>The privacy policy informs about how Publica-me manages user data.<\/p>\n\n\n\n<h3 class=\"wp-block-heading\">Cookies<\/h3>\n\n\n\n<h5 class=\"wp-block-heading\">About the cookie policy<\/h5>\n\n\n\n<p>This cookie policy explains what kinds of cookies we use and what the stored information is used for. <\/p>\n\n\n\n<p>Your consent applies to the following domain: <a href=\"https:\/\/publica-me.com\/en\/\">publica-me.com<\/a><\/p>\n\n\n\n<h5 class=\"wp-block-heading\">What are they<\/h5>\n\n\n\n<p>Cookies are small text files used to store information. They are stored on your device when it loads a webpage. Cookies allow us to enhance your experience on the webpage and make it safer.<\/p>\n\n\n\n<h5 class=\"wp-block-heading\">What kinds of cookies do we use<\/h5>\n\n\n\n<p>Essentials: Some cookies are necessary for the basic functions of the webpage. They allow to keep user sessions and prevent security threats. No personal information is stored.<\/p>\n\n\n\n<p>Analytics: These cookies store information as the number of visitors, number of unique visitors, what pages were visited and the source of the access, etc. These data help us improve the user experience.<\/p>\n\n\n\n<p>Preferences: These cookies help us store your preferences, such as language settings, to help you have a more efficient experience next time you return.<\/p>\n\n\n\n<h5 class=\"wp-block-heading\">Change preferences<\/h5>\n\n\n<div class=\"cli_user_consent_state\">Your current state: No consent given. <a class=\"cli_manage_current_consent\" style=\"cursor:pointer;text-decoration:underline;\">Manage your consent.<\/a> <\/div>\n\n\n\n<p><\/p>\n\n\n\n<h3 class=\"wp-block-heading\">For how long is the data stored<\/h3>\n\n\n\n<p>Registered user data are kept under no time limit. Users can see, edit and delete their personal information at any time. Publica-me administrators can also see and edit user data.<\/p>\n\n\n\n<h3 class=\"wp-block-heading\">What rights do you have over your data<\/h3>\n\n\n\n<p>If you have a user account on our webpage you can request a file with all the personal data we have recorded about you, including files you have uploaded. You can request for your data to be deleted at any time. Data that can have legal implications, such as transaction history and details, will not be deleted.<\/p>\n\n\n\n<h3 class=\"wp-block-heading\">To where do we send your data<\/h3>\n\n\n\n<p>Your data will not be sent to third parties, except for payment information which could be sent to companies specializes in payment processing. <\/p>","protected":false},"excerpt":{"rendered":"<p>Pol\u00edtica de privacidade A pol\u00edtica de privacidade descreve de que forma s\u00e3o utilizados os dados dos utilizadores do Publica-me. Cookies Acerca da pol\u00edtica de cookies Esta pol\u00edtica de cookies explica o que s\u00e3o os cookies e como utiliz\u00e1-los, os tipos de cookies que utilizamos, isto \u00e9, a informa\u00e7\u00e3o que armazenamos utilizando cookies e como essa&hellip;&nbsp;<a href=\"https:\/\/publica-me.com\/en\/privacy-policy\" rel=\"bookmark\">Read More &raquo;<span class=\"screen-reader-text\">Privacy policy<\/span><\/a><\/p>","protected":false},"author":1,"featured_media":0,"parent":0,"menu_order":0,"comment_status":"closed","ping_status":"open","template":"","meta":{"neve_meta_sidebar":"","neve_meta_container":"","neve_meta_enable_content_width":"on","neve_meta_content_width":90,"neve_meta_title_alignment":"","neve_meta_author_avatar":"","neve_post_elements_order":"","neve_meta_disable_header":"","neve_meta_disable_footer":"","neve_meta_disable_title":"","footnotes":""},"class_list":["post-3","page","type-page","status-publish","hentry"],"_links":{"self":[{"href":"https:\/\/publica-me.com\/en\/wp-json\/wp\/v2\/pages\/3","targetHints":{"allow":["GET"]}}],"collection":[{"href":"https:\/\/publica-me.com\/en\/wp-json\/wp\/v2\/pages"}],"about":[{"href":"https:\/\/publica-me.com\/en\/wp-json\/wp\/v2\/types\/page"}],"author":[{"embeddable":true,"href":"https:\/\/publica-me.com\/en\/wp-json\/wp\/v2\/users\/1"}],"replies":[{"embeddable":true,"href":"https:\/\/publica-me.com\/en\/wp-json\/wp\/v2\/comments?post=3"}],"version-history":[{"count":13,"href":"https:\/\/publica-me.com\/en\/wp-json\/wp\/v2\/pages\/3\/revisions"}],"predecessor-version":[{"id":534,"href":"https:\/\/publica-me.com\/en\/wp-json\/wp\/v2\/pages\/3\/revisions\/534"}],"wp:attachment":[{"href":"https:\/\/publica-me.com\/en\/wp-json\/wp\/v2\/media?parent=3"}],"curies":[{"name":"wp","href":"https:\/\/api.w.org\/{rel}","templated":true}]}}